{"id":454,"date":"2024-04-22T14:36:06","date_gmt":"2024-04-22T14:36:06","guid":{"rendered":"https:\/\/work.4infor.pt\/loja\/?post_type=product&#038;p=454"},"modified":"2024-04-22T15:17:56","modified_gmt":"2024-04-22T15:17:56","slug":"balanca-completa-mod-mc-eco-bat","status":"publish","type":"product","link":"https:\/\/work.4infor.pt\/loja\/produto\/balanca-completa-mod-mc-eco-bat\/","title":{"rendered":"BALAN\u00c7A COMPLETA Mod. MC ECO BAT"},"content":{"rendered":"<p>Plataforma Monoc\u00e9lula c\/ Coluna + Visor BM1000P BAT<\/p>\n<p>Caracter\u00edsticas gerais:<\/p>\n<p>Dimens\u00f5es da plataforma: 60&#215;50 cm &#8211; Altura da Coluna: 59 cm\/Altura do Encosto: 34 cm<br \/>\nDimens\u00f5es da plataforma: 80&#215;60 cm &#8211; Altura da Coluna: 74 cm\/Altura do Encosto: 60 cm<br \/>\nPlataforma e Coluna pintadas<br \/>\nTampo de Cobertura e Encosto em A\u00e7o Inoxid\u00e1vel AISI 304 polidos mate (esmerilado)<br \/>\nProtec\u00e7\u00e3o IP 65<br \/>\nBateria Interna<br \/>\nVisualizador LCD de peso com 6 d\u00edgitos de 25 mm com retroilumina\u00e7\u00e3o<br \/>\nTeclado multifun\u00e7\u00e3o de 7 teclas: ON\/OFF, BRUTO\/NETO, ZERO, TARA, PRINT e TOTAL<br \/>\nDestareamento autom\u00e1tico e acumulativo<br \/>\nFixa\u00e7\u00e3o da tara<br \/>\nFun\u00e7\u00e3o Peso-Tara, Conta pe\u00e7as<br \/>\nSa\u00edda RS 232, Computador ou Impressora<br \/>\nPossibilidade de ligar a repetidor de peso<br \/>\nM\u00faltiplos protocolos de comunica\u00e7\u00e3o<br \/>\nV\u00e1rios tal\u00f5es pr\u00e9 configurados<br \/>\nLiga\u00e7\u00e3o a bateria externa (12V)<br \/>\nCertificado de Aprova\u00e7\u00e3o CE n.\u00ba E99-00-0003<br \/>\nEquipamento sujeito a Verifica\u00e7\u00e3o CE<\/p>\n","protected":false},"excerpt":{"rendered":"<p>BALAN\u00c7A COMPLETA Mod. MC ECO BAT<\/p>\n<p>Plataforma Monoc\u00e9lula c\/ Coluna + Visor BM1000P BAT<\/p>\n","protected":false},"featured_media":484,"template":"","meta":[],"product_cat":[48],"product_tag":[47],"class_list":{"0":"post-454","1":"product","2":"type-product","3":"status-publish","4":"has-post-thumbnail","6":"product_cat-balancas-industriais","7":"product_tag-balanca-completa-mod-mc-eco-bat","9":"first","10":"instock","11":"taxable","12":"shipping-taxable","13":"purchasable","14":"product-type-variable","15":"has-default-attributes"},"_links":{"self":[{"href":"https:\/\/work.4infor.pt\/loja\/wp-json\/wp\/v2\/product\/454","targetHints":{"allow":["GET"]}}],"collection":[{"href":"https:\/\/work.4infor.pt\/loja\/wp-json\/wp\/v2\/product"}],"about":[{"href":"https:\/\/work.4infor.pt\/loja\/wp-json\/wp\/v2\/types\/product"}],"wp:featuredmedia":[{"embeddable":true,"href":"https:\/\/work.4infor.pt\/loja\/wp-json\/wp\/v2\/media\/484"}],"wp:attachment":[{"href":"https:\/\/work.4infor.pt\/loja\/wp-json\/wp\/v2\/media?parent=454"}],"wp:term":[{"taxonomy":"product_cat","embeddable":true,"href":"https:\/\/work.4infor.pt\/loja\/wp-json\/wp\/v2\/product_cat?post=454"},{"taxonomy":"product_tag","embeddable":true,"href":"https:\/\/work.4infor.pt\/loja\/wp-json\/wp\/v2\/product_tag?post=454"}],"curies":[{"name":"wp","href":"https:\/\/api.w.org\/{rel}","templated":true}]}}